{"id":36436,"date":"2020-07-16T19:33:54","date_gmt":"2020-07-16T19:33:54","guid":{"rendered":"https:\/\/obsessiongin.com\/producto\/obsession-gin-classic\/"},"modified":"2021-02-10T20:44:56","modified_gmt":"2021-02-10T20:44:56","slug":"obsession-gin-classic","status":"publish","type":"product","link":"https:\/\/obsessiongin.com\/en\/producto\/obsession-gin-classic\/","title":{"rendered":"Obsession Gin Classic"},"content":{"rendered":"<p>Elegante y delicada ginebra con predominancia del enebro y acompa\u00f1ada de una fuerte base a c\u00edtricos derivada de la lima, la c\u00e1scara de naranja y el lim\u00f3n de Capri, junto a otros ingredientes como mango, cassis, cilantro y jazm\u00edn. Aporta un sabor y aroma muy diferentes a las ginebras cl\u00e1sicas m\u00e1s tradicionales. 40% VOL. Formato: Botella de 70 cl.<\/p>\n","protected":false},"excerpt":{"rendered":"<p>Ginebra con base de enebro y c\u00edtricos. 40% VOL<\/p>\n","protected":false},"featured_media":34528,"comment_status":"closed","ping_status":"closed","template":"","meta":{"_acf_changed":false,"_et_pb_use_builder":"","_et_pb_old_content":"","_et_gb_content_width":""},"product_brand":[],"product_cat":[33],"product_tag":[],"class_list":{"0":"post-36436","1":"product","2":"type-product","3":"status-publish","4":"has-post-thumbnail","6":"product_cat-obsession-gin-en","8":"first","9":"instock","10":"shipping-taxable","11":"purchasable","12":"product-type-simple"},"acf":[],"_links":{"self":[{"href":"https:\/\/obsessiongin.com\/en\/wp-json\/wp\/v2\/product\/36436","targetHints":{"allow":["GET"]}}],"collection":[{"href":"https:\/\/obsessiongin.com\/en\/wp-json\/wp\/v2\/product"}],"about":[{"href":"https:\/\/obsessiongin.com\/en\/wp-json\/wp\/v2\/types\/product"}],"replies":[{"embeddable":true,"href":"https:\/\/obsessiongin.com\/en\/wp-json\/wp\/v2\/comments?post=36436"}],"wp:featuredmedia":[{"embeddable":true,"href":"https:\/\/obsessiongin.com\/en\/wp-json\/wp\/v2\/media\/34528"}],"wp:attachment":[{"href":"https:\/\/obsessiongin.com\/en\/wp-json\/wp\/v2\/media?parent=36436"}],"wp:term":[{"taxonomy":"product_brand","embeddable":true,"href":"https:\/\/obsessiongin.com\/en\/wp-json\/wp\/v2\/product_brand?post=36436"},{"taxonomy":"product_cat","embeddable":true,"href":"https:\/\/obsessiongin.com\/en\/wp-json\/wp\/v2\/product_cat?post=36436"},{"taxonomy":"product_tag","embeddable":true,"href":"https:\/\/obsessiongin.com\/en\/wp-json\/wp\/v2\/product_tag?post=36436"}],"curies":[{"name":"wp","href":"https:\/\/api.w.org\/{rel}","templated":true}]}}